{"id":8,"date":"2022-09-01T12:51:18","date_gmt":"2022-09-01T12:51:18","guid":{"rendered":"https:\/\/www.tonymrocek.com\/?page_id=8"},"modified":"2026-05-01T18:37:53","modified_gmt":"2026-05-01T18:37:53","slug":"contact","status":"publish","type":"page","link":"https:\/\/www.tonymrocek.com\/sk\/contact\/","title":{"rendered":"| Contact"},"content":{"rendered":"<div style=\"height:76px\" aria-hidden=\"true\" class=\"wp-block-spacer\"><\/div>\n\n\n\n<p class=\"has-text-align-left has-text-color has-link-color wp-elements-d1c1d84582a9c5aad741c2273ffb664d\" style=\"color:#363739;font-size:16px\">+421 908 859 593 | office(at)tonymrocek.com | <a href=\"https:\/\/cal.meetergo.com\/tonytonymrocek\/45-min-free-meeting-tony\">Nez\u00e1v\u00e4zn\u00fd rozhovor \u279e<\/a> <\/p>\n\n\n\n<ul class=\"wp-block-social-links has-large-icon-size has-icon-color is-style-logos-only is-layout-flex wp-block-social-links-is-layout-flex\" style=\"margin-top:0;margin-bottom:0\"><li style=\"color:var(--global-palette5);\" class=\"wp-social-link wp-social-link-linkedin has-theme-palette5-color wp-block-social-link\"><a rel=\"noopener nofollow\" target=\"_blank\" href=\"https:\/\/www.linkedin.com\/in\/tonymrocek\/\" class=\"wp-block-social-link-anchor\"><svg width=\"24\" height=\"24\" viewbox=\"0 0 24 24\" version=\"1.1\" xmlns=\"http:\/\/www.w3.org\/2000\/svg\" aria-hidden=\"true\" focusable=\"false\"><path d=\"M19.7,3H4.3C3.582,3,3,3.582,3,4.3v15.4C3,20.418,3.582,21,4.3,21h15.4c0.718,0,1.3-0.582,1.3-1.3V4.3 C21,3.582,20.418,3,19.7,3z M8.339,18.338H5.667v-8.59h2.672V18.338z M7.004,8.574c-0.857,0-1.549-0.694-1.549-1.548 c0-0.855,0.691-1.548,1.549-1.548c0.854,0,1.547,0.694,1.547,1.548C8.551,7.881,7.858,8.574,7.004,8.574z M18.339,18.338h-2.669 v-4.177c0-0.996-0.017-2.278-1.387-2.278c-1.389,0-1.601,1.086-1.601,2.206v4.249h-2.667v-8.59h2.559v1.174h0.037 c0.356-0.675,1.227-1.387,2.526-1.387c2.703,0,3.203,1.779,3.203,4.092V18.338z\"><\/path><\/svg><span class=\"wp-block-social-link-label screen-reader-text\">LinkedIn<\/span><\/a><\/li><\/ul>\n\n\n\n<div style=\"height:448px\" aria-hidden=\"true\" class=\"wp-block-spacer\"><\/div>","protected":false},"excerpt":{"rendered":"<p>+421 908 859 593 | office(at)tonymrocek.com | Book a no-obligation call \u279e<\/p>","protected":false},"author":1,"featured_media":0,"parent":0,"menu_order":0,"comment_status":"closed","ping_status":"closed","template":"","meta":{"_kad_post_transparent":"","_kad_post_title":"","_kad_post_layout":"","_kad_post_sidebar_id":"","_kad_post_content_style":"","_kad_post_vertical_padding":"","_kad_post_feature":"","_kad_post_feature_position":"","_kad_post_header":false,"_kad_post_footer":false,"_kad_post_classname":"","footnotes":""},"class_list":["post-8","page","type-page","status-publish","hentry"],"yoast_head":"<!-- This site is optimized with the Yoast SEO plugin v27.5 - https:\/\/yoast.com\/product\/yoast-seo-wordpress\/ -->\n<title>| Contact - Tony Mrocek<\/title>\n<meta name=\"description\" content=\"Book a no-obligation call\" \/>\n<meta name=\"robots\" content=\"index, follow, max-snippet:-1, max-image-preview:large, max-video-preview:-1\" \/>\n<link rel=\"canonical\" href=\"https:\/\/www.tonymrocek.com\/sk\/contact\/\" \/>\n<meta property=\"og:locale\" content=\"sk_SK\" \/>\n<meta property=\"og:type\" content=\"article\" \/>\n<meta property=\"og:title\" content=\"| Contact - Tony Mrocek\" \/>\n<meta property=\"og:description\" content=\"Book a no-obligation call\" \/>\n<meta property=\"og:url\" content=\"https:\/\/www.tonymrocek.com\/sk\/contact\/\" \/>\n<meta property=\"og:site_name\" content=\"Tony Mrocek\" \/>\n<meta property=\"article:modified_time\" content=\"2026-05-01T18:37:53+00:00\" \/>\n<meta name=\"twitter:card\" content=\"summary_large_image\" \/>\n<meta name=\"twitter:label1\" content=\"Predpokladan\u00fd \u010das \u010d\u00edtania\" \/>\n\t<meta name=\"twitter:data1\" content=\"1 min\u00fata\" \/>\n<script type=\"application\/ld+json\" class=\"yoast-schema-graph\">{\"@context\":\"https:\\\/\\\/schema.org\",\"@graph\":[{\"@type\":\"WebPage\",\"@id\":\"https:\\\/\\\/www.tonymrocek.com\\\/contact\\\/\",\"url\":\"https:\\\/\\\/www.tonymrocek.com\\\/contact\\\/\",\"name\":\"| Contact - Tony Mrocek\",\"isPartOf\":{\"@id\":\"https:\\\/\\\/www.tonymrocek.com\\\/#website\"},\"datePublished\":\"2022-09-01T12:51:18+00:00\",\"dateModified\":\"2026-05-01T18:37:53+00:00\",\"description\":\"Book a no-obligation call\",\"breadcrumb\":{\"@id\":\"https:\\\/\\\/www.tonymrocek.com\\\/contact\\\/#breadcrumb\"},\"inLanguage\":\"sk-SK\",\"potentialAction\":[{\"@type\":\"ReadAction\",\"target\":[\"https:\\\/\\\/www.tonymrocek.com\\\/contact\\\/\"]}]},{\"@type\":\"BreadcrumbList\",\"@id\":\"https:\\\/\\\/www.tonymrocek.com\\\/contact\\\/#breadcrumb\",\"itemListElement\":[{\"@type\":\"ListItem\",\"position\":1,\"name\":\"Home\",\"item\":\"https:\\\/\\\/www.tonymrocek.com\\\/\"},{\"@type\":\"ListItem\",\"position\":2,\"name\":\"| Contact\"}]},{\"@type\":\"WebSite\",\"@id\":\"https:\\\/\\\/www.tonymrocek.com\\\/#website\",\"url\":\"https:\\\/\\\/www.tonymrocek.com\\\/\",\"name\":\"Tony Mrocek\",\"description\":\"\",\"publisher\":{\"@id\":\"https:\\\/\\\/www.tonymrocek.com\\\/#organization\"},\"potentialAction\":[{\"@type\":\"SearchAction\",\"target\":{\"@type\":\"EntryPoint\",\"urlTemplate\":\"https:\\\/\\\/www.tonymrocek.com\\\/?s={search_term_string}\"},\"query-input\":{\"@type\":\"PropertyValueSpecification\",\"valueRequired\":true,\"valueName\":\"search_term_string\"}}],\"inLanguage\":\"sk-SK\"},{\"@type\":\"Organization\",\"@id\":\"https:\\\/\\\/www.tonymrocek.com\\\/#organization\",\"name\":\"Tony Mrocek\",\"url\":\"https:\\\/\\\/www.tonymrocek.com\\\/\",\"logo\":{\"@type\":\"ImageObject\",\"inLanguage\":\"sk-SK\",\"@id\":\"https:\\\/\\\/www.tonymrocek.com\\\/#\\\/schema\\\/logo\\\/image\\\/\",\"url\":\"https:\\\/\\\/www.tonymrocek.com\\\/wp-content\\\/uploads\\\/2026\\\/04\\\/cropped-Tony-Mrocek.png\",\"contentUrl\":\"https:\\\/\\\/www.tonymrocek.com\\\/wp-content\\\/uploads\\\/2026\\\/04\\\/cropped-Tony-Mrocek.png\",\"width\":1607,\"height\":367,\"caption\":\"Tony Mrocek\"},\"image\":{\"@id\":\"https:\\\/\\\/www.tonymrocek.com\\\/#\\\/schema\\\/logo\\\/image\\\/\"}}]}<\/script>\n<!-- \/ Yoast SEO plugin. -->","yoast_head_json":{"title":"| Contact - Tony Mrocek","description":"Book a no-obligation call","robots":{"index":"index","follow":"follow","max-snippet":"max-snippet:-1","max-image-preview":"max-image-preview:large","max-video-preview":"max-video-preview:-1"},"canonical":"https:\/\/www.tonymrocek.com\/sk\/contact\/","og_locale":"sk_SK","og_type":"article","og_title":"| Contact - Tony Mrocek","og_description":"Book a no-obligation call","og_url":"https:\/\/www.tonymrocek.com\/sk\/contact\/","og_site_name":"Tony Mrocek","article_modified_time":"2026-05-01T18:37:53+00:00","twitter_card":"summary_large_image","twitter_misc":{"Predpokladan\u00fd \u010das \u010d\u00edtania":"1 min\u00fata"},"schema":{"@context":"https:\/\/schema.org","@graph":[{"@type":"WebPage","@id":"https:\/\/www.tonymrocek.com\/contact\/","url":"https:\/\/www.tonymrocek.com\/contact\/","name":"| Contact - Tony Mrocek","isPartOf":{"@id":"https:\/\/www.tonymrocek.com\/#website"},"datePublished":"2022-09-01T12:51:18+00:00","dateModified":"2026-05-01T18:37:53+00:00","description":"Book a no-obligation call","breadcrumb":{"@id":"https:\/\/www.tonymrocek.com\/contact\/#breadcrumb"},"inLanguage":"sk-SK","potentialAction":[{"@type":"ReadAction","target":["https:\/\/www.tonymrocek.com\/contact\/"]}]},{"@type":"BreadcrumbList","@id":"https:\/\/www.tonymrocek.com\/contact\/#breadcrumb","itemListElement":[{"@type":"ListItem","position":1,"name":"Home","item":"https:\/\/www.tonymrocek.com\/"},{"@type":"ListItem","position":2,"name":"| Contact"}]},{"@type":"WebSite","@id":"https:\/\/www.tonymrocek.com\/#website","url":"https:\/\/www.tonymrocek.com\/","name":"Tony Mrocek","description":"","publisher":{"@id":"https:\/\/www.tonymrocek.com\/#organization"},"potentialAction":[{"@type":"SearchAction","target":{"@type":"EntryPoint","urlTemplate":"https:\/\/www.tonymrocek.com\/?s={search_term_string}"},"query-input":{"@type":"PropertyValueSpecification","valueRequired":true,"valueName":"search_term_string"}}],"inLanguage":"sk-SK"},{"@type":"Organization","@id":"https:\/\/www.tonymrocek.com\/#organization","name":"Tony Mrocek","url":"https:\/\/www.tonymrocek.com\/","logo":{"@type":"ImageObject","inLanguage":"sk-SK","@id":"https:\/\/www.tonymrocek.com\/#\/schema\/logo\/image\/","url":"https:\/\/www.tonymrocek.com\/wp-content\/uploads\/2026\/04\/cropped-Tony-Mrocek.png","contentUrl":"https:\/\/www.tonymrocek.com\/wp-content\/uploads\/2026\/04\/cropped-Tony-Mrocek.png","width":1607,"height":367,"caption":"Tony Mrocek"},"image":{"@id":"https:\/\/www.tonymrocek.com\/#\/schema\/logo\/image\/"}}]}},"_links":{"self":[{"href":"https:\/\/www.tonymrocek.com\/sk\/wp-json\/wp\/v2\/pages\/8","targetHints":{"allow":["GET"]}}],"collection":[{"href":"https:\/\/www.tonymrocek.com\/sk\/wp-json\/wp\/v2\/pages"}],"about":[{"href":"https:\/\/www.tonymrocek.com\/sk\/wp-json\/wp\/v2\/types\/page"}],"author":[{"embeddable":true,"href":"https:\/\/www.tonymrocek.com\/sk\/wp-json\/wp\/v2\/users\/1"}],"replies":[{"embeddable":true,"href":"https:\/\/www.tonymrocek.com\/sk\/wp-json\/wp\/v2\/comments?post=8"}],"version-history":[{"count":5,"href":"https:\/\/www.tonymrocek.com\/sk\/wp-json\/wp\/v2\/pages\/8\/revisions"}],"predecessor-version":[{"id":702,"href":"https:\/\/www.tonymrocek.com\/sk\/wp-json\/wp\/v2\/pages\/8\/revisions\/702"}],"wp:attachment":[{"href":"https:\/\/www.tonymrocek.com\/sk\/wp-json\/wp\/v2\/media?parent=8"}],"curies":[{"name":"wp","href":"https:\/\/api.w.org\/{rel}","templated":true}]}}