{"id":6,"date":"2022-09-01T12:51:18","date_gmt":"2022-09-01T12:51:18","guid":{"rendered":"https:\/\/www.tonymrocek.com\/?page_id=6"},"modified":"2026-04-30T19:38:21","modified_gmt":"2026-04-30T19:38:21","slug":"home","status":"publish","type":"page","link":"https:\/\/www.tonymrocek.com\/sk\/","title":{"rendered":"| Home"},"content":{"rendered":"<div class=\"wp-block-columns is-layout-flex wp-container-core-columns-is-layout-9d6595d7 wp-block-columns-is-layout-flex\">\n<div class=\"wp-block-column is-layout-flow wp-block-column-is-layout-flow\">\n<div style=\"height:39px\" aria-hidden=\"true\" class=\"wp-block-spacer\"><\/div>\n\n\n\n<h1 class=\"wp-block-heading\">Fractional &amp; Interim Executive, Business Coach | Bridging traditional operations with Automation &amp; AI<\/h1>\n\n\n\n<div class=\"wp-block-columns are-vertically-aligned-center is-layout-flex wp-container-core-columns-is-layout-9d6595d7 wp-block-columns-is-layout-flex\">\n<div class=\"wp-block-column is-vertically-aligned-center is-layout-flow wp-block-column-is-layout-flow\" style=\"flex-basis:66.66%\">\n<p>Som hrd\u00fd Eur\u00f3pan. Pracujem s \u013eu\u010fmi, ktor\u00ed ved\u00fa skuto\u010dn\u00e9 firmy, so skuto\u010dn\u00fdm tlakom, skuto\u010dn\u00fdmi rozhodnutiami a momentmi, ke\u010f nie je koho sa op\u00fdta\u0165. Pom\u00e1ham im myslie\u0165 jasnej\u0161ie, rozhodova\u0165 sa s istotou a n\u00e1js\u0165 smer, ke\u010f ho stratili. Niekedy ako kou\u010d. Niekedy ako niekto, kto si na chv\u00ed\u013eu sadne ved\u013ea nich do kokpitu. Mimo pr\u00e1ce: rodina, turistika, golf a YNWA - v\u0161etko, \u010do viem o lojalite a o tom, \u017ee \u010dlovek nikdy nekr\u00e1\u010da s\u00e1m.<\/p>\n<\/div>\n\n\n\n<div class=\"wp-block-column is-vertically-aligned-center is-layout-flow wp-block-column-is-layout-flow\" style=\"flex-basis:33.33%\"><div class=\"wp-block-image\">\n<figure class=\"alignright size-full is-resized\"><img loading=\"lazy\" decoding=\"async\" width=\"800\" height=\"984\" src=\"https:\/\/www.tonymrocek.com\/wp-content\/uploads\/2026\/04\/tonymrocek_tallin-1.png\" alt=\"\" class=\"wp-image-543\" style=\"aspect-ratio:0.8403566630023207;width:187px;height:auto\" srcset=\"https:\/\/www.tonymrocek.com\/wp-content\/uploads\/2026\/04\/tonymrocek_tallin-1.png 800w, https:\/\/www.tonymrocek.com\/wp-content\/uploads\/2026\/04\/tonymrocek_tallin-1-244x300.png 244w, https:\/\/www.tonymrocek.com\/wp-content\/uploads\/2026\/04\/tonymrocek_tallin-1-768x945.png 768w, https:\/\/www.tonymrocek.com\/wp-content\/uploads\/2026\/04\/tonymrocek_tallin-1-10x12.png 10w\" sizes=\"auto, (max-width: 800px) 100vw, 800px\" \/><\/figure>\n<\/div><\/div>\n<\/div>\n<\/div>\n<\/div>\n\n\n\n<hr class=\"wp-block-separator has-alpha-channel-opacity is-style-dots\"\/>\n\n\n\n<div class=\"wp-block-columns is-layout-flex wp-container-core-columns-is-layout-9d6595d7 wp-block-columns-is-layout-flex\">\n<div class=\"wp-block-column is-layout-flow wp-block-column-is-layout-flow\">\n<p class=\"has-text-color has-link-color wp-elements-b467bb8104ff451a9d9010d27259eee9\" style=\"color:#363739\"><strong>Fractional Leadership<\/strong><br>Extern\u00fd CEO a COO pre firmy, ktor\u00e9 nepotrebuj\u00fa \u010fal\u0161ieho zamestnanca, ale potrebuj\u00fa r\u00fdchlo sk\u00fasenos\u0165 bez za\u0161ko\u013eovania. <a href=\"https:\/\/www.tonymrocek.com\/sk\/leadership-on-demand\/\" target=\"_blank\" rel=\"noreferrer noopener\">Leadership on demand \u279e<\/a><\/p>\n<\/div>\n\n\n\n<div class=\"wp-block-column is-layout-flow wp-block-column-is-layout-flow\">\n<p class=\"has-text-color has-link-color wp-elements-a22e0364022b84eb51e9d36e4ccfe5e5 translation-block\" style=\"color:#363739\"><strong>Coaching<\/strong>\u00a0<br>Individu\u00e1lne. Samozrejme pr\u00edsne d\u00f4vern\u00e9. Pre majite\u013eov firiem, ktor\u00ed stoja pred \u0165a\u017ek\u00fdm rozhodnut\u00edm, obdob\u00edm stagn\u00e1cie alebo chv\u00ed\u013eou, ke\u010f nevedia poveda\u0165, kde je probl\u00e9m, \u010di vo firme, v t\u00edme, alebo v sebe samom. <a href=\"https:\/\/www.tonymrocek.com\/sk\/coaching\" target=\"_self\"><em>Zisti\u0165 viac o kou\u010dingu <\/em> \u2192<\/a><\/p>\n<\/div>\n\n\n\n<div class=\"wp-block-column is-layout-flow wp-block-column-is-layout-flow\">\n<p class=\"has-text-color has-link-color wp-elements-0ce198c95686a5dc61b8c5e38447c51b\" style=\"color:#363739\"><strong>Insights<\/strong><br>Poh\u013eady na vedenie, rozhodovanie a riadenie firiem \u2013 pre \u013eud\u00ed, ktor\u00ed nemaj\u00fa \u010das \u010d\u00edta\u0165 nie\u010do, \u010do ich ni\u010d nenau\u010d\u00ed. <em><a href=\"https:\/\/www.tonymrocek.com\/sk\/insights\/\" target=\"_blank\" rel=\"noreferrer noopener\">\u010c\u00edta\u0165 \u279e<\/a><\/em><\/p>\n<\/div>\n<\/div>\n\n\n\n<hr class=\"wp-block-separator has-alpha-channel-opacity is-style-dots\"\/>\n\n\n\n<div class=\"wp-block-columns is-layout-flex wp-container-core-columns-is-layout-9d6595d7 wp-block-columns-is-layout-flex\">\n<div class=\"wp-block-column is-layout-flow wp-block-column-is-layout-flow\" style=\"flex-basis:100%\">\n<p><strong>Anal\u00f3gov\u00fd digitalista.<\/strong><br>Never\u00edm, \u017ee n\u00e1stroj dok\u00e1\u017ee vyrie\u0161i\u0165 probl\u00e9m, ktor\u00fd je v myslen\u00ed. A never\u00edm, \u017ee papier a pero s\u00fa zastaran\u00e9 len preto, \u017ee existuje nejak\u00e1 appka.<\/p>\n\n\n\n<p>Myslenie je anal\u00f3gov\u00e9. Potrebuje priestor, ticho a \u010das, nie \u010fal\u0161\u00ed dashboard. V\u00fdstup m\u00f4\u017ee by\u0165 digit\u00e1lny, \u0161k\u00e1lovate\u013en\u00fd, zdie\u013eate\u013en\u00fd. Ale rozhodnutie za n\u00edm mus\u00ed by\u0165 \u013eudsk\u00e9.<\/p>\n\n\n\n<p>Toto formuje to, ako pracujem s klientmi. Za\u010d\u00ednam ot\u00e1zkami, nie rie\u0161eniami. Spoma\u013eujem, k\u00fdm nie je jasno. A a\u017e potom sa rozpr\u00e1vame o n\u00e1strojoch, procesoch a syst\u00e9moch; v tomto porad\u00ed, nie naopak.<\/p>\n\n\n\n<hr class=\"wp-block-separator has-alpha-channel-opacity is-style-dots\"\/>\n<\/div>\n<\/div>\n\n\n\n<p class=\"translation-block\"><strong>Porozpr\u00e1vajme sa.<\/strong><br>Ak nie\u010do na tejto str\u00e1nke rezonuje, alebo ste jednoducho zvedav\u00ed, \u010di by v\u00e1m tak\u00e1to spolupr\u00e1ca mohla by\u0165 u\u017eito\u010dn\u00e1, r\u00e1d v\u00e1s vypo\u010dujem. Prv\u00e9 stretnutie je bezplatn\u00e9. Bez stanovenej agendy.<\/p>\n\n\n\n<div class=\"wp-block-buttons is-layout-flex wp-block-buttons-is-layout-flex\">\n<div class=\"wp-block-button is-style-outline is-style-outline--1\"><a class=\"wp-block-button__link has-theme-palette-7-background-color has-text-color has-background has-link-color wp-element-button\" href=\"https:\/\/cal.meetergo.com\/tonytonymrocek\/45-min-free-meeting-tony\" style=\"color:#363739\">Nez\u00e1v\u00e4zn\u00fd rozhovor  \u279e<\/a><\/div>\n<\/div>\n\n\n\n<div style=\"height:0px\" aria-hidden=\"true\" class=\"wp-block-spacer\"><\/div>\n\n\n\n<hr class=\"wp-block-separator has-alpha-channel-opacity is-style-wide\"\/>\n\n\n\n<div class=\"wp-block-columns is-layout-flex wp-container-core-columns-is-layout-9d6595d7 wp-block-columns-is-layout-flex\">\n<div class=\"wp-block-column is-layout-flow wp-block-column-is-layout-flow\">\n<p class=\"has-text-color has-link-color wp-elements-1d1ba7212f0fd0f5cf5133c185a5c271\" style=\"color:#363739;font-size:18px\"><em>&#8220;Tony is an excellent facilitator and can bring together the interests of different stakeholders to produce effective results. Tony made pragmatic decisions in logistically very difficult situations and kept his team together and guided and supported where deviations arose with clear guidelines. Tony was able to understand the latest developments and data in a very short time and report in a focused manner to senior management and customers within a reporting system which he quickly installed. He is an excellent motivator and, thanks to his logical approach, can quickly understand complex problems, arrange for the necessary management support and thus ensure that the problem is solved. Tony is someone you like to work with, even in very difficult situations and contexts, because he can listen and make decisions. He is an efficient leader. I have been working as Plant Quality Manager \/ De-escalation lead and Tony was my supervisor (Plant Manager). Thank you.&#8221; &#8211; M.G.<\/em>,<em> Head of SQM<\/em><\/p>\n<\/div>\n<\/div>\n\n\n\n<p><\/p>","protected":false},"excerpt":{"rendered":"<p>Fractional &amp; Interim Executive, Business Coach | Bridging traditional operations with Automation &amp; AI I am a proud European. I work with people who run real companies, with real pressure, real decisions, and moments when there is no one to ask. I help them think more clearly, decide with confidence, and find direction when they&#8230;<\/p>","protected":false},"author":1,"featured_media":309,"parent":0,"menu_order":0,"comment_status":"closed","ping_status":"closed","template":"","meta":{"_kad_post_transparent":"","_kad_post_title":"","_kad_post_layout":"","_kad_post_sidebar_id":"","_kad_post_content_style":"","_kad_post_vertical_padding":"","_kad_post_feature":"","_kad_post_feature_position":"","_kad_post_header":false,"_kad_post_footer":false,"_kad_post_classname":"","footnotes":""},"class_list":["post-6","page","type-page","status-publish","has-post-thumbnail","hentry"],"yoast_head":"<!-- This site is optimized with the Yoast SEO plugin v27.5 - https:\/\/yoast.com\/product\/yoast-seo-wordpress\/ -->\n<title>| Home - Tony Mrocek<\/title>\n<meta name=\"description\" content=\"Fractional &amp; Interim Executive, Business Coach | Bridging traditional operations with Automation &amp; AI\" \/>\n<meta name=\"robots\" content=\"index, follow, max-snippet:-1, max-image-preview:large, max-video-preview:-1\" \/>\n<link rel=\"canonical\" href=\"https:\/\/www.tonymrocek.com\/sk\/\" \/>\n<meta property=\"og:locale\" content=\"sk_SK\" \/>\n<meta property=\"og:type\" content=\"article\" \/>\n<meta property=\"og:title\" content=\"| Home - Tony Mrocek\" \/>\n<meta property=\"og:description\" content=\"Fractional &amp; Interim Executive, Business Coach | Bridging traditional operations with Automation &amp; AI\" \/>\n<meta property=\"og:url\" content=\"https:\/\/www.tonymrocek.com\/sk\/\" \/>\n<meta property=\"og:site_name\" content=\"Tony Mrocek\" \/>\n<meta property=\"article:modified_time\" content=\"2026-04-30T19:38:21+00:00\" \/>\n<meta property=\"og:image\" content=\"https:\/\/www.tonymrocek.com\/wp-content\/uploads\/2026\/04\/TM_favicon.png\" \/>\n\t<meta property=\"og:image:width\" content=\"512\" \/>\n\t<meta property=\"og:image:height\" content=\"512\" \/>\n\t<meta property=\"og:image:type\" content=\"image\/png\" \/>\n<meta name=\"twitter:card\" content=\"summary_large_image\" \/>\n<meta name=\"twitter:label1\" content=\"Predpokladan\u00fd \u010das \u010d\u00edtania\" \/>\n\t<meta name=\"twitter:data1\" content=\"3 min\u00faty\" \/>\n<script type=\"application\/ld+json\" class=\"yoast-schema-graph\">{\"@context\":\"https:\\\/\\\/schema.org\",\"@graph\":[{\"@type\":\"WebPage\",\"@id\":\"https:\\\/\\\/www.tonymrocek.com\\\/\",\"url\":\"https:\\\/\\\/www.tonymrocek.com\\\/\",\"name\":\"| Home - Tony Mrocek\",\"isPartOf\":{\"@id\":\"https:\\\/\\\/www.tonymrocek.com\\\/#website\"},\"primaryImageOfPage\":{\"@id\":\"https:\\\/\\\/www.tonymrocek.com\\\/#primaryimage\"},\"image\":{\"@id\":\"https:\\\/\\\/www.tonymrocek.com\\\/#primaryimage\"},\"thumbnailUrl\":\"https:\\\/\\\/www.tonymrocek.com\\\/wp-content\\\/uploads\\\/2026\\\/04\\\/TM_favicon.png\",\"datePublished\":\"2022-09-01T12:51:18+00:00\",\"dateModified\":\"2026-04-30T19:38:21+00:00\",\"description\":\"Fractional & Interim Executive, Business Coach | Bridging traditional operations with Automation & AI\",\"breadcrumb\":{\"@id\":\"https:\\\/\\\/www.tonymrocek.com\\\/#breadcrumb\"},\"inLanguage\":\"sk-SK\",\"potentialAction\":[{\"@type\":\"ReadAction\",\"target\":[\"https:\\\/\\\/www.tonymrocek.com\\\/\"]}]},{\"@type\":\"ImageObject\",\"inLanguage\":\"sk-SK\",\"@id\":\"https:\\\/\\\/www.tonymrocek.com\\\/#primaryimage\",\"url\":\"https:\\\/\\\/www.tonymrocek.com\\\/wp-content\\\/uploads\\\/2026\\\/04\\\/TM_favicon.png\",\"contentUrl\":\"https:\\\/\\\/www.tonymrocek.com\\\/wp-content\\\/uploads\\\/2026\\\/04\\\/TM_favicon.png\",\"width\":512,\"height\":512},{\"@type\":\"BreadcrumbList\",\"@id\":\"https:\\\/\\\/www.tonymrocek.com\\\/#breadcrumb\",\"itemListElement\":[{\"@type\":\"ListItem\",\"position\":1,\"name\":\"Home\",\"item\":\"https:\\\/\\\/www.tonymrocek.com\\\/\"},{\"@type\":\"ListItem\",\"position\":2,\"name\":\"| Home\"}]},{\"@type\":\"WebSite\",\"@id\":\"https:\\\/\\\/www.tonymrocek.com\\\/#website\",\"url\":\"https:\\\/\\\/www.tonymrocek.com\\\/\",\"name\":\"Tony Mrocek\",\"description\":\"\",\"publisher\":{\"@id\":\"https:\\\/\\\/www.tonymrocek.com\\\/#organization\"},\"potentialAction\":[{\"@type\":\"SearchAction\",\"target\":{\"@type\":\"EntryPoint\",\"urlTemplate\":\"https:\\\/\\\/www.tonymrocek.com\\\/?s={search_term_string}\"},\"query-input\":{\"@type\":\"PropertyValueSpecification\",\"valueRequired\":true,\"valueName\":\"search_term_string\"}}],\"inLanguage\":\"sk-SK\"},{\"@type\":\"Organization\",\"@id\":\"https:\\\/\\\/www.tonymrocek.com\\\/#organization\",\"name\":\"Tony Mrocek\",\"url\":\"https:\\\/\\\/www.tonymrocek.com\\\/\",\"logo\":{\"@type\":\"ImageObject\",\"inLanguage\":\"sk-SK\",\"@id\":\"https:\\\/\\\/www.tonymrocek.com\\\/#\\\/schema\\\/logo\\\/image\\\/\",\"url\":\"https:\\\/\\\/www.tonymrocek.com\\\/wp-content\\\/uploads\\\/2026\\\/04\\\/cropped-Tony-Mrocek.png\",\"contentUrl\":\"https:\\\/\\\/www.tonymrocek.com\\\/wp-content\\\/uploads\\\/2026\\\/04\\\/cropped-Tony-Mrocek.png\",\"width\":1607,\"height\":367,\"caption\":\"Tony Mrocek\"},\"image\":{\"@id\":\"https:\\\/\\\/www.tonymrocek.com\\\/#\\\/schema\\\/logo\\\/image\\\/\"}}]}<\/script>\n<!-- \/ Yoast SEO plugin. -->","yoast_head_json":{"title":"| Home - Tony Mrocek","description":"Fractional & Interim Executive, Business Coach | Bridging traditional operations with Automation & AI","robots":{"index":"index","follow":"follow","max-snippet":"max-snippet:-1","max-image-preview":"max-image-preview:large","max-video-preview":"max-video-preview:-1"},"canonical":"https:\/\/www.tonymrocek.com\/sk\/","og_locale":"sk_SK","og_type":"article","og_title":"| Home - Tony Mrocek","og_description":"Fractional & Interim Executive, Business Coach | Bridging traditional operations with Automation & AI","og_url":"https:\/\/www.tonymrocek.com\/sk\/","og_site_name":"Tony Mrocek","article_modified_time":"2026-04-30T19:38:21+00:00","og_image":[{"width":512,"height":512,"url":"https:\/\/www.tonymrocek.com\/wp-content\/uploads\/2026\/04\/TM_favicon.png","type":"image\/png"}],"twitter_card":"summary_large_image","twitter_misc":{"Predpokladan\u00fd \u010das \u010d\u00edtania":"3 min\u00faty"},"schema":{"@context":"https:\/\/schema.org","@graph":[{"@type":"WebPage","@id":"https:\/\/www.tonymrocek.com\/","url":"https:\/\/www.tonymrocek.com\/","name":"| Home - Tony Mrocek","isPartOf":{"@id":"https:\/\/www.tonymrocek.com\/#website"},"primaryImageOfPage":{"@id":"https:\/\/www.tonymrocek.com\/#primaryimage"},"image":{"@id":"https:\/\/www.tonymrocek.com\/#primaryimage"},"thumbnailUrl":"https:\/\/www.tonymrocek.com\/wp-content\/uploads\/2026\/04\/TM_favicon.png","datePublished":"2022-09-01T12:51:18+00:00","dateModified":"2026-04-30T19:38:21+00:00","description":"Fractional & Interim Executive, Business Coach | Bridging traditional operations with Automation & AI","breadcrumb":{"@id":"https:\/\/www.tonymrocek.com\/#breadcrumb"},"inLanguage":"sk-SK","potentialAction":[{"@type":"ReadAction","target":["https:\/\/www.tonymrocek.com\/"]}]},{"@type":"ImageObject","inLanguage":"sk-SK","@id":"https:\/\/www.tonymrocek.com\/#primaryimage","url":"https:\/\/www.tonymrocek.com\/wp-content\/uploads\/2026\/04\/TM_favicon.png","contentUrl":"https:\/\/www.tonymrocek.com\/wp-content\/uploads\/2026\/04\/TM_favicon.png","width":512,"height":512},{"@type":"BreadcrumbList","@id":"https:\/\/www.tonymrocek.com\/#breadcrumb","itemListElement":[{"@type":"ListItem","position":1,"name":"Home","item":"https:\/\/www.tonymrocek.com\/"},{"@type":"ListItem","position":2,"name":"| Home"}]},{"@type":"WebSite","@id":"https:\/\/www.tonymrocek.com\/#website","url":"https:\/\/www.tonymrocek.com\/","name":"Tony Mrocek","description":"","publisher":{"@id":"https:\/\/www.tonymrocek.com\/#organization"},"potentialAction":[{"@type":"SearchAction","target":{"@type":"EntryPoint","urlTemplate":"https:\/\/www.tonymrocek.com\/?s={search_term_string}"},"query-input":{"@type":"PropertyValueSpecification","valueRequired":true,"valueName":"search_term_string"}}],"inLanguage":"sk-SK"},{"@type":"Organization","@id":"https:\/\/www.tonymrocek.com\/#organization","name":"Tony Mrocek","url":"https:\/\/www.tonymrocek.com\/","logo":{"@type":"ImageObject","inLanguage":"sk-SK","@id":"https:\/\/www.tonymrocek.com\/#\/schema\/logo\/image\/","url":"https:\/\/www.tonymrocek.com\/wp-content\/uploads\/2026\/04\/cropped-Tony-Mrocek.png","contentUrl":"https:\/\/www.tonymrocek.com\/wp-content\/uploads\/2026\/04\/cropped-Tony-Mrocek.png","width":1607,"height":367,"caption":"Tony Mrocek"},"image":{"@id":"https:\/\/www.tonymrocek.com\/#\/schema\/logo\/image\/"}}]}},"_links":{"self":[{"href":"https:\/\/www.tonymrocek.com\/sk\/wp-json\/wp\/v2\/pages\/6","targetHints":{"allow":["GET"]}}],"collection":[{"href":"https:\/\/www.tonymrocek.com\/sk\/wp-json\/wp\/v2\/pages"}],"about":[{"href":"https:\/\/www.tonymrocek.com\/sk\/wp-json\/wp\/v2\/types\/page"}],"author":[{"embeddable":true,"href":"https:\/\/www.tonymrocek.com\/sk\/wp-json\/wp\/v2\/users\/1"}],"replies":[{"embeddable":true,"href":"https:\/\/www.tonymrocek.com\/sk\/wp-json\/wp\/v2\/comments?post=6"}],"version-history":[{"count":5,"href":"https:\/\/www.tonymrocek.com\/sk\/wp-json\/wp\/v2\/pages\/6\/revisions"}],"predecessor-version":[{"id":690,"href":"https:\/\/www.tonymrocek.com\/sk\/wp-json\/wp\/v2\/pages\/6\/revisions\/690"}],"wp:featuredmedia":[{"embeddable":true,"href":"https:\/\/www.tonymrocek.com\/sk\/wp-json\/wp\/v2\/media\/309"}],"wp:attachment":[{"href":"https:\/\/www.tonymrocek.com\/sk\/wp-json\/wp\/v2\/media?parent=6"}],"curies":[{"name":"wp","href":"https:\/\/api.w.org\/{rel}","templated":true}]}}